{"id":30,"date":"2017-07-30T13:53:29","date_gmt":"2017-07-30T16:53:29","guid":{"rendered":"http:\/\/wp.9code.com.ar\/index.php\/membership-login\/"},"modified":"2019-11-01T19:54:11","modified_gmt":"2019-11-01T22:54:11","slug":"membership-login","status":"publish","type":"page","link":"https:\/\/fhers.com\/index.php\/membership-login\/","title":{"rendered":"Ingreso Fhers"},"content":{"rendered":"<div class=\"col-md-6 col-md-offset-3 ingreso-fhers-datos\">\n<h2>\u00a1Bienvenido!<\/h2>\n<h3>Para ingresar al portal pon\u00e9 tus datos a continuaci\u00f3n:<\/h3>\n<div class=\"swpm-login-widget-form\">\n    <form id=\"swpm-login-form\" name=\"swpm-login-form\" method=\"post\" action=\"\">\n        <div class=\"swpm-login-form-inner\">\n            <div class=\"swpm-username-label\">\n                <label for=\"swpm_user_name\" class=\"swpm-label\">Nombre de usuario o correo electr\u00f3nico<\/label>\n            <\/div>\n            <div class=\"swpm-username-input\">\n                <input type=\"text\" class=\"swpm-text-field swpm-username-field\" id=\"swpm_user_name\" value=\"\" size=\"25\" name=\"swpm_user_name\" \/>\n            <\/div>\n            <div class=\"swpm-password-label\">\n                <label for=\"swpm_password\" class=\"swpm-label\">Contrase\u00f1a<\/label>\n            <\/div>\n            <div class=\"swpm-password-input\">                \n                <input type=\"password\" class=\"swpm-text-field swpm-password-field\" id=\"swpm_password\" value=\"\" size=\"25\" name=\"swpm_password\" \/>                \n            <\/div>\n                        <div class=\"swpm-remember-me\">\n                <span class=\"swpm-remember-checkbox\"><input type=\"checkbox\" name=\"rememberme\" id=\"swpm-rememberme\"><\/span>\n                <label for=\"swpm-rememberme\" class=\"swpm-rememberme-label\">\n                    <span class=\"swpm-rember-label\"> Recu\u00e9rdame<\/span>\n                <\/label>\n            <\/div>\n\n            <div class=\"swpm-before-login-submit-section\"><\/div>\n\n            <div class=\"swpm-login-submit\">\n                <input type=\"submit\" class=\"swpm-login-form-submit\" name=\"swpm-login\" value=\"Acceder\"\/>\n            <\/div>\n            <div class=\"swpm-forgot-pass-link\">\n                <a id=\"forgot_pass\" class=\"swpm-login-form-pw-reset-link\"  href=\"https:\/\/fhers.com\/index.php\/membership-login\/password-reset\/\">\u00bfHas olvidado tu contrase\u00f1a?<\/a>\n            <\/div>\n            <div class=\"swpm-join-us-link\">\n                <a id=\"register\" class=\"swpm-login-form-register-link\" href=\"https:\/\/fhers.com\/index.php\/membership-join\/\">\u00danete a nosotros<\/a>\n            <\/div>\n            <div class=\"swpm-login-action-msg\">\n                <span class=\"swpm-login-widget-action-msg\"><\/span>\n            <\/div>\n        <\/div>\n    <\/form>\n<\/div>\n\n<\/div>\n","protected":false},"excerpt":{"rendered":"<p> [&hellip;]<\/p>\n","protected":false},"author":1,"featured_media":1770,"parent":0,"menu_order":0,"comment_status":"closed","ping_status":"closed","template":"","meta":{"_exactmetrics_skip_tracking":false,"_exactmetrics_sitenote_active":false,"_exactmetrics_sitenote_note":"","_exactmetrics_sitenote_category":0,"footnotes":""},"yoast_head":"<!-- This site is optimized with the Yoast SEO plugin v22.6 - https:\/\/yoast.com\/wordpress\/plugins\/seo\/ -->\n<title>Ingreso Fhers | Acced\u00e9 a todas tus predicciones y contenidos especiales<\/title>\n<meta name=\"description\" content=\"Con tu usuario y contrase\u00f1a podes escuchar los audios que los astr\u00f3logos de Fhers.com desarrollan para vos. Adem\u00e1s, pod\u00e9s escuchar meditaciones.\" \/>\n<meta name=\"robots\" content=\"index, follow, max-snippet:-1, max-image-preview:large, max-video-preview:-1\" \/>\n<link rel=\"canonical\" href=\"https:\/\/fhers.com\/index.php\/membership-login\/\" \/>\n<meta property=\"og:locale\" content=\"es_ES\" \/>\n<meta property=\"og:type\" content=\"article\" \/>\n<meta property=\"og:title\" content=\"Ingreso Fhers | Acced\u00e9 a todas tus predicciones y contenidos especiales\" \/>\n<meta property=\"og:description\" content=\"Con tu usuario y contrase\u00f1a podes escuchar los audios que los astr\u00f3logos de Fhers.com desarrollan para vos. Adem\u00e1s, pod\u00e9s escuchar meditaciones.\" \/>\n<meta property=\"og:url\" content=\"https:\/\/fhers.com\/index.php\/membership-login\/\" \/>\n<meta property=\"og:site_name\" content=\"Fundaci\u00f3n Fhers\" \/>\n<meta property=\"article:publisher\" content=\"https:\/\/www.facebook.com\/lafundacionfhers\/\" \/>\n<meta property=\"article:modified_time\" content=\"2019-11-01T22:54:11+00:00\" \/>\n<meta property=\"og:image\" content=\"https:\/\/fhers.com\/wp-content\/uploads\/2017\/10\/IMG_0115-e1513108887494.jpg\" \/>\n\t<meta property=\"og:image:width\" content=\"698\" \/>\n\t<meta property=\"og:image:height\" content=\"359\" \/>\n\t<meta property=\"og:image:type\" content=\"image\/jpeg\" \/>\n<meta name=\"twitter:card\" content=\"summary_large_image\" \/>\n<meta name=\"twitter:site\" content=\"@fundacionfhers\" \/>\n<script type=\"application\/ld+json\" class=\"yoast-schema-graph\">{\"@context\":\"https:\/\/schema.org\",\"@graph\":[{\"@type\":\"WebPage\",\"@id\":\"https:\/\/fhers.com\/index.php\/membership-login\/\",\"url\":\"https:\/\/fhers.com\/index.php\/membership-login\/\",\"name\":\"Ingreso Fhers | Acced\u00e9 a todas tus predicciones y contenidos especiales\",\"isPartOf\":{\"@id\":\"https:\/\/fhers.com\/#website\"},\"primaryImageOfPage\":{\"@id\":\"https:\/\/fhers.com\/index.php\/membership-login\/#primaryimage\"},\"image\":{\"@id\":\"https:\/\/fhers.com\/index.php\/membership-login\/#primaryimage\"},\"thumbnailUrl\":\"https:\/\/fhers.com\/wp-content\/uploads\/2017\/10\/IMG_0115-e1513108887494.jpg\",\"datePublished\":\"2017-07-30T16:53:29+00:00\",\"dateModified\":\"2019-11-01T22:54:11+00:00\",\"description\":\"Con tu usuario y contrase\u00f1a podes escuchar los audios que los astr\u00f3logos de Fhers.com desarrollan para vos. Adem\u00e1s, pod\u00e9s escuchar meditaciones.\",\"breadcrumb\":{\"@id\":\"https:\/\/fhers.com\/index.php\/membership-login\/#breadcrumb\"},\"inLanguage\":\"es\",\"potentialAction\":[{\"@type\":\"ReadAction\",\"target\":[\"https:\/\/fhers.com\/index.php\/membership-login\/\"]}]},{\"@type\":\"ImageObject\",\"inLanguage\":\"es\",\"@id\":\"https:\/\/fhers.com\/index.php\/membership-login\/#primaryimage\",\"url\":\"https:\/\/fhers.com\/wp-content\/uploads\/2017\/10\/IMG_0115-e1513108887494.jpg\",\"contentUrl\":\"https:\/\/fhers.com\/wp-content\/uploads\/2017\/10\/IMG_0115-e1513108887494.jpg\",\"width\":698,\"height\":359},{\"@type\":\"BreadcrumbList\",\"@id\":\"https:\/\/fhers.com\/index.php\/membership-login\/#breadcrumb\",\"itemListElement\":[{\"@type\":\"ListItem\",\"position\":1,\"name\":\"Home\",\"item\":\"https:\/\/fhers.com\/\"},{\"@type\":\"ListItem\",\"position\":2,\"name\":\"Ingreso Fhers\"}]},{\"@type\":\"WebSite\",\"@id\":\"https:\/\/fhers.com\/#website\",\"url\":\"https:\/\/fhers.com\/\",\"name\":\"Fundaci\u00f3n Fhers\",\"description\":\"Astrolog\u00eda, Karma, Meditaci\u00f3n y Alimentaci\u00f3n\",\"publisher\":{\"@id\":\"https:\/\/fhers.com\/#organization\"},\"potentialAction\":[{\"@type\":\"SearchAction\",\"target\":{\"@type\":\"EntryPoint\",\"urlTemplate\":\"https:\/\/fhers.com\/?s={search_term_string}\"},\"query-input\":\"required name=search_term_string\"}],\"inLanguage\":\"es\"},{\"@type\":\"Organization\",\"@id\":\"https:\/\/fhers.com\/#organization\",\"name\":\"Fhers\",\"url\":\"https:\/\/fhers.com\/\",\"logo\":{\"@type\":\"ImageObject\",\"inLanguage\":\"es\",\"@id\":\"https:\/\/fhers.com\/#\/schema\/logo\/image\/\",\"url\":\"https:\/\/fhers.com\/wp-content\/uploads\/2019\/11\/logo_2018.png\",\"contentUrl\":\"https:\/\/fhers.com\/wp-content\/uploads\/2019\/11\/logo_2018.png\",\"width\":221,\"height\":105,\"caption\":\"Fhers\"},\"image\":{\"@id\":\"https:\/\/fhers.com\/#\/schema\/logo\/image\/\"},\"sameAs\":[\"https:\/\/www.facebook.com\/lafundacionfhers\/\",\"https:\/\/x.com\/fundacionfhers\",\"https:\/\/www.instagram.com\/fundacionfhers\/\",\"https:\/\/www.youtube.com\/channel\/UCCR-X6VZSyXhD079kbBGYKg\"]}]}<\/script>\n<!-- \/ Yoast SEO plugin. -->","yoast_head_json":{"title":"Ingreso Fhers | Acced\u00e9 a todas tus predicciones y contenidos especiales","description":"Con tu usuario y contrase\u00f1a podes escuchar los audios que los astr\u00f3logos de Fhers.com desarrollan para vos. Adem\u00e1s, pod\u00e9s escuchar meditaciones.","robots":{"index":"index","follow":"follow","max-snippet":"max-snippet:-1","max-image-preview":"max-image-preview:large","max-video-preview":"max-video-preview:-1"},"canonical":"https:\/\/fhers.com\/index.php\/membership-login\/","og_locale":"es_ES","og_type":"article","og_title":"Ingreso Fhers | Acced\u00e9 a todas tus predicciones y contenidos especiales","og_description":"Con tu usuario y contrase\u00f1a podes escuchar los audios que los astr\u00f3logos de Fhers.com desarrollan para vos. Adem\u00e1s, pod\u00e9s escuchar meditaciones.","og_url":"https:\/\/fhers.com\/index.php\/membership-login\/","og_site_name":"Fundaci\u00f3n Fhers","article_publisher":"https:\/\/www.facebook.com\/lafundacionfhers\/","article_modified_time":"2019-11-01T22:54:11+00:00","og_image":[{"width":698,"height":359,"url":"https:\/\/fhers.com\/wp-content\/uploads\/2017\/10\/IMG_0115-e1513108887494.jpg","type":"image\/jpeg"}],"twitter_card":"summary_large_image","twitter_site":"@fundacionfhers","schema":{"@context":"https:\/\/schema.org","@graph":[{"@type":"WebPage","@id":"https:\/\/fhers.com\/index.php\/membership-login\/","url":"https:\/\/fhers.com\/index.php\/membership-login\/","name":"Ingreso Fhers | Acced\u00e9 a todas tus predicciones y contenidos especiales","isPartOf":{"@id":"https:\/\/fhers.com\/#website"},"primaryImageOfPage":{"@id":"https:\/\/fhers.com\/index.php\/membership-login\/#primaryimage"},"image":{"@id":"https:\/\/fhers.com\/index.php\/membership-login\/#primaryimage"},"thumbnailUrl":"https:\/\/fhers.com\/wp-content\/uploads\/2017\/10\/IMG_0115-e1513108887494.jpg","datePublished":"2017-07-30T16:53:29+00:00","dateModified":"2019-11-01T22:54:11+00:00","description":"Con tu usuario y contrase\u00f1a podes escuchar los audios que los astr\u00f3logos de Fhers.com desarrollan para vos. Adem\u00e1s, pod\u00e9s escuchar meditaciones.","breadcrumb":{"@id":"https:\/\/fhers.com\/index.php\/membership-login\/#breadcrumb"},"inLanguage":"es","potentialAction":[{"@type":"ReadAction","target":["https:\/\/fhers.com\/index.php\/membership-login\/"]}]},{"@type":"ImageObject","inLanguage":"es","@id":"https:\/\/fhers.com\/index.php\/membership-login\/#primaryimage","url":"https:\/\/fhers.com\/wp-content\/uploads\/2017\/10\/IMG_0115-e1513108887494.jpg","contentUrl":"https:\/\/fhers.com\/wp-content\/uploads\/2017\/10\/IMG_0115-e1513108887494.jpg","width":698,"height":359},{"@type":"BreadcrumbList","@id":"https:\/\/fhers.com\/index.php\/membership-login\/#breadcrumb","itemListElement":[{"@type":"ListItem","position":1,"name":"Home","item":"https:\/\/fhers.com\/"},{"@type":"ListItem","position":2,"name":"Ingreso Fhers"}]},{"@type":"WebSite","@id":"https:\/\/fhers.com\/#website","url":"https:\/\/fhers.com\/","name":"Fundaci\u00f3n Fhers","description":"Astrolog\u00eda, Karma, Meditaci\u00f3n y Alimentaci\u00f3n","publisher":{"@id":"https:\/\/fhers.com\/#organization"},"potentialAction":[{"@type":"SearchAction","target":{"@type":"EntryPoint","urlTemplate":"https:\/\/fhers.com\/?s={search_term_string}"},"query-input":"required name=search_term_string"}],"inLanguage":"es"},{"@type":"Organization","@id":"https:\/\/fhers.com\/#organization","name":"Fhers","url":"https:\/\/fhers.com\/","logo":{"@type":"ImageObject","inLanguage":"es","@id":"https:\/\/fhers.com\/#\/schema\/logo\/image\/","url":"https:\/\/fhers.com\/wp-content\/uploads\/2019\/11\/logo_2018.png","contentUrl":"https:\/\/fhers.com\/wp-content\/uploads\/2019\/11\/logo_2018.png","width":221,"height":105,"caption":"Fhers"},"image":{"@id":"https:\/\/fhers.com\/#\/schema\/logo\/image\/"},"sameAs":["https:\/\/www.facebook.com\/lafundacionfhers\/","https:\/\/x.com\/fundacionfhers","https:\/\/www.instagram.com\/fundacionfhers\/","https:\/\/www.youtube.com\/channel\/UCCR-X6VZSyXhD079kbBGYKg"]}]}},"_links":{"self":[{"href":"https:\/\/fhers.com\/index.php\/wp-json\/wp\/v2\/pages\/30"}],"collection":[{"href":"https:\/\/fhers.com\/index.php\/wp-json\/wp\/v2\/pages"}],"about":[{"href":"https:\/\/fhers.com\/index.php\/wp-json\/wp\/v2\/types\/page"}],"author":[{"embeddable":true,"href":"https:\/\/fhers.com\/index.php\/wp-json\/wp\/v2\/users\/1"}],"replies":[{"embeddable":true,"href":"https:\/\/fhers.com\/index.php\/wp-json\/wp\/v2\/comments?post=30"}],"version-history":[{"count":6,"href":"https:\/\/fhers.com\/index.php\/wp-json\/wp\/v2\/pages\/30\/revisions"}],"predecessor-version":[{"id":5651,"href":"https:\/\/fhers.com\/index.php\/wp-json\/wp\/v2\/pages\/30\/revisions\/5651"}],"wp:featuredmedia":[{"embeddable":true,"href":"https:\/\/fhers.com\/index.php\/wp-json\/wp\/v2\/media\/1770"}],"wp:attachment":[{"href":"https:\/\/fhers.com\/index.php\/wp-json\/wp\/v2\/media?parent=30"}],"curies":[{"name":"wp","href":"https:\/\/api.w.org\/{rel}","templated":true}]}}