{"id":594,"date":"2017-08-31T14:43:04","date_gmt":"2017-08-31T17:43:04","guid":{"rendered":"https:\/\/fhers.9code.com.ar\/?page_id=594"},"modified":"2022-01-24T19:37:38","modified_gmt":"2022-01-24T22:37:38","slug":"actividades-fhers","status":"publish","type":"page","link":"https:\/\/fhers.com\/index.php\/actividades-fhers\/","title":{"rendered":"Actividades"},"content":{"rendered":"<h1>Curso de nivel inicial: Curso Fhers<\/h1>\n<p dir=\"ltr\"><img loading=\"lazy\" decoding=\"async\" class=\"alignnone wp-image-7853\" src=\"https:\/\/fhers.com\/wp-content\/uploads\/2022\/01\/cursofhers-06-300x66.png\" alt=\"\" width=\"651\" height=\"179\" \/><\/p>\n<p class=\"CDt4Ke zfr3Q\" dir=\"ltr\">Se trata de un trabajo de S\u00edntesis y Conocimiento donde se recorrer\u00e1 el zod\u00edaco en un profundo trabajo de autoconocimiento. La propuesta consiste en trabajar a trav\u00e9s de la\u00a0<strong>Carta Natal K\u00e1rmica<\/strong>\u00a0personal y de\u00a0im\u00e1genes\u00a0guardadas en el\u00a0subconsciente. Y como de este modo poder comprender qu\u00e9 cosas tenemos, permitiendo hacer VISIBLE LO INVISIBLE, descubriendo lo oculto de cada archivo k\u00e1rmico, por cada signo y su regencia mensual.<\/p>\n<p class=\"CDt4Ke zfr3Q\" dir=\"ltr\">Es un trabajo \u00fanico de\u00a0<strong>transmutaci\u00f3n del destino<\/strong>, donde no se necesita tener conocimiento previo de Astrolog\u00eda, solo la MENTE Y EL CORAZ\u00d3N ABIERTOS, para indagar dentro de uno, aprovechando las virtudes y erradicando los defectos, encontrando una nueva forma de relacionarnos con las cosas del CIELO Y DE LA TIERRA, logrando as\u00ed el Verdadero camino hacia la Felicidad.<\/p>\n<p class=\"CDt4Ke zfr3Q\" dir=\"ltr\">La tarea estar\u00e1 apoyada en los Pilares Fhers: la\u00a0<strong>Alimentaci\u00f3n equilibrada,<\/strong>\u00a0<strong>Respiraci\u00f3n<\/strong>\u00a0y el\u00a0<strong>Movimiento F\u00edsico Consciente<\/strong>, la\u00a0<strong>Meditaci\u00f3n<\/strong>\u00a0y la\u00a0<strong>Astrolog\u00eda K\u00e1rmica<\/strong>. Habr\u00e1 Instructores a cargo, que ya experimentaron el trabajo y una ense\u00f1anza de s\u00edntesis e integraci\u00f3n de conocimientos milenarios que permitir\u00e1 el\u00a0<strong>Cultivo de una Conciencia Constante.<\/strong><\/p>\n<p class=\"CDt4Ke zfr3Q\" dir=\"ltr\"><strong><span class=\" CGqCRe\">MODALIDAD ONLINE<\/span><\/strong><\/p>\n<p class=\"CDt4Ke zfr3Q\" dir=\"ltr\">Cada mes recibir\u00e1s de forma digital el contenido correspondiente a cada archivo del zod\u00edaco. Desde cada \u00e1rea tendr\u00e1s una gu\u00eda completa te\u00f3rico-pr\u00e1ctica con v\u00eddeos, fotograf\u00edas y paso a paso de todos los Pilares Fhers.<\/p>\n<p class=\"CDt4Ke zfr3Q\" dir=\"ltr\">Se realiza un recorrido por los doce signos del zod\u00edaco,\u00a0<strong>haciendo un trabajo grupal e individual<\/strong>, en el que cada aspirante a trav\u00e9s de su carta natal k\u00e1rmica, en todas las clases realizar\u00e1 el largo\u00a0<strong>trayecto del alma por el zod\u00edaco siendo el objetivo que reconozca cu\u00e1les son las virtudes y \/ o defectos que trae cada signo de su carta natal k\u00e1rmica y poder modificarlas, adquiriendo las herramientas filos\u00f3ficas y astrol\u00f3gicas para transmutar defectos y acrecentar virtudes.<\/strong><\/p>\n<p class=\"CDt4Ke zfr3Q\" dir=\"ltr\">En los doce meses de trabajo,\u00a0<strong>se iniciar\u00e1 en las t\u00e9cnicas para lograr una mejor calidad de vida<\/strong>, las mismas se ver\u00e1n de manera pr\u00e1ctica y te\u00f3rica. Y son:\u00a0<em><strong>la respiraci\u00f3n, el movimiento f\u00edsico conciente, la alimentaci\u00f3n equilibrada y macrobi\u00f3tica, la astrolog\u00eda k\u00e1rmica y la meditaci\u00f3n.<\/strong><\/em><\/p>\n<p class=\"CDt4Ke zfr3Q\" dir=\"ltr\">Esta es la propuesta integral de la Fundaci\u00f3n Fhers.<\/p>\n<p class=\"CDt4Ke zfr3Q\" dir=\"ltr\"><strong>Contenido digital mensual <\/strong><\/p>\n<p class=\"CDt4Ke zfr3Q\" dir=\"ltr\"><strong>Aula virtual:<\/strong> 2do s\u00e1bado para compartir las experiencias en grupo, consultar dudas y as\u00ed enriquecer el trabajo individual. Es un encuentro en vivo con los Instructores de cada \u00e1rea. All\u00ed podr\u00e1s compartir tus inquietudes, y consultar lo que precises para que nuestros profesionales te gu\u00eden.<\/p>\n<p class=\"CDt4Ke zfr3Q\" dir=\"ltr\">2 1\/2 horas de duraci\u00f3n.<\/p>\n<p dir=\"ltr\"><strong>Ingresa para ver aqu\u00ed\u00a0<\/strong><a href=\"https:\/\/bit.ly\/35mphQr\">https:\/\/bit.ly\/35mphQr<\/a><\/p>\n<hr \/>\n<h1>Curso de nivel avanzado: Alquimia<\/h1>\n<p>En un mundo donde reina la esclavitud en distintas perspectivas, la Fundaci\u00f3n Fhers dicta un curso anual que tiene el objetivo de brindar una educaci\u00f3n integral y cosmobiol\u00f3gica como camino para la liberaci\u00f3n. Representa una gran oportunidad para quienes han transitado o est\u00e1n transitando el camino de la transmutaci\u00f3n del destino, es decir, por el cambio alimenticio, la reeducaci\u00f3n respiratoria, la disciplina mental por la meditaci\u00f3n, y el manejo conciente de la energ\u00eda sexual. El grupo de alquimistas es cerrado, cada disc\u00edpulo es seleccionado. Cursada mensual.<\/p>\n<ul>\n<li>Nivel superior<\/li>\n<li>Cursada mensual<\/li>\n<li>Disc\u00edpulos seleccionados<\/li>\n<li>Se trabajo sobre los fundamentos de la filosof\u00eda a partir de la alquimia f\u00edsica, mental y emocional<\/li>\n<\/ul>\n<p>&nbsp;<\/p>\n<h2><\/h2>\n<hr \/>\n<h1>Curso para formadores: Instructorado<\/h1>\n<p>Dentro del marco de los cursos de formaci\u00f3n para el autoconicimiento y superaci\u00f3n personal, la Fundaci\u00f3n Fhers ofrece un curso orientado a formar formadores. Es as\u00ed como un grupo reducido de disc\u00edpulos aceptados, encuentran un espacio de entrenamiento en distintas \u00e1reas que forman la ense\u00f1anza para dar paso en un futuro a la transmisi\u00f3n de la ense\u00f1anza.<\/p>\n<ul>\n<li>Nivel avanzado<\/li>\n<li>Cursada mensual<\/li>\n<li>Herramientas para ense\u00f1ar Astrolog\u00eda, Meditaci\u00f3n, Filosof\u00eda y Alimentaci\u00f3n<\/li>\n<\/ul>\n<p><img loading=\"lazy\" decoding=\"async\" class=\"aligncenter size-full wp-image-1592\" src=\"https:\/\/fhers.com\/wp-content\/uploads\/2017\/08\/19875269_1576165462396551_6178599501089707070_n.jpg\" alt=\"\" width=\"960\" height=\"720\" srcset=\"https:\/\/fhers.com\/wp-content\/uploads\/2017\/08\/19875269_1576165462396551_6178599501089707070_n.jpg 960w, https:\/\/fhers.com\/wp-content\/uploads\/2017\/08\/19875269_1576165462396551_6178599501089707070_n-300x225.jpg 300w, https:\/\/fhers.com\/wp-content\/uploads\/2017\/08\/19875269_1576165462396551_6178599501089707070_n-768x576.jpg 768w, https:\/\/fhers.com\/wp-content\/uploads\/2017\/08\/19875269_1576165462396551_6178599501089707070_n-830x623.jpg 830w, https:\/\/fhers.com\/wp-content\/uploads\/2017\/08\/19875269_1576165462396551_6178599501089707070_n-230x173.jpg 230w, https:\/\/fhers.com\/wp-content\/uploads\/2017\/08\/19875269_1576165462396551_6178599501089707070_n-350x263.jpg 350w, https:\/\/fhers.com\/wp-content\/uploads\/2017\/08\/19875269_1576165462396551_6178599501089707070_n-480x360.jpg 480w\" sizes=\"(max-width: 960px) 100vw, 960px\" \/><\/p>\n<h2><\/h2>\n<hr \/>\n<h1>Seminarios<\/h1>\n<p>Hay momentos en el a\u00f1o donde suceden acontecimientos planetarios que son especialmente analizados y estudiados por la misma fundaci\u00f3n. Es entonces cuando se llevan a cabo los seminarios especiales. El calendario anual var\u00eda acorde a estos sucesos planetarios. Regularmente se realizan los siguientes encuentros:<\/p>\n<ul>\n<li><strong>LUNACIONES<\/strong>. Se trata de seminarios abiertos que no requieren conocimiento previo, para comprender el sentido de cada plenilunio. Qu\u00e9 energ\u00eda desciende en cada luna llena y c\u00f3mo aprovecharla para enriquecernos en la vida cotidiana. Un encuentro de una hora que culmina con una meditaci\u00f3n grupal.<\/li>\n<li><strong>SEMINARIOS POR SIGNOS<\/strong>. Se trata de seminarios abiertos que no requieren conocimiento previo. Sirven para comprender sobre el signo en curso, sus virtudes y defectos, y c\u00f3mo se encuentran en mi carta natal.<\/li>\n<li><strong>A\u00d1O NUEVO, solsticio de oto\u00f1o<\/strong>. El calendario occidental tiene un gran desfase respecto del calendario de los planetas. Se cree que cuando el Sol completa una vuelta alrededor de la Tierra empieza un nuevo a\u00f1o. Sin embargo, se ignora que el camino del Sol es el\u00edptico e irregular y muchas veces alzamos copas para festejar un a\u00f1o nuevo cuando el Sol a\u00fan no complet\u00f3 su vuelta o mucho despu\u00e9s de que \u00e9sto haya pasado. Es por \u00e9so que cuando el Sol transita el grado 0 de Aries, inicia un nuevo a\u00f1o en el calendario astrol\u00f3gico y, al acoplarnos a \u00e9l, logramos ponernos en sinton\u00eda con la naturaleza y sus ciclos. Aprovechando esta energ\u00eda donde todo vuelve a empezar, en la Fundaci\u00f3n se dicta un seminario especial analizando los ciclos pr\u00f3ximos y c\u00f3mo poder capitalizarlos.<\/li>\n<li><b>NAVIDAD, solsticio de verano<\/b><span style=\"font-weight: 400;\">. Nuestro calendario nos marca que el 25 de diciembre es Navidad. Esto es, el d\u00eda que naci\u00f3 Jes\u00fas El Cristo. Sin embargo, al igual que el a\u00f1o nuevo, esta fecha se fue desfasando con el tiempo. Por este motivo, cuando el Sol ingresa al grado 270 del zod\u00edaco (inicio del signo de Capricornio) en la Fundaci\u00f3n Fhers se celebra la Navidad mediante un seminario especial donde se analiza la entrada del Sol en el signo de Capricornio. Es un momento importante para capitalizar la energ\u00eda cr\u00edstica, oportunidad \u00fanica para el renacimiento de nuestra propia conciencia.<\/span><\/li>\n<\/ul>\n<p><img loading=\"lazy\" decoding=\"async\" class=\"aligncenter size-large wp-image-1593\" src=\"https:\/\/fhers.com\/wp-content\/uploads\/2017\/08\/curso-1024x683.jpg\" alt=\"\" width=\"1024\" height=\"683\" \/><\/p>\n<h2><\/h2>\n<hr \/>\n<h1>Charlas abiertas<\/h1>\n<p><span style=\"font-weight: 400;\">Semanalmente se realizan charlas a contribuci\u00f3n voluntaria, de astrolog\u00eda y filosof\u00eda k\u00e1rmica donde se tratan temas variados de actualidad. No hace falta tener conocimientos previos.\u00a0<\/span><\/p>\n<blockquote><p><a href=\"https:\/\/www.facebook.com\/pg\/lafundacionfhers\/events\/?ref=page_internal\">Consult\u00e1 ac\u00e1 cu\u00e1les son nuestras pr\u00f3ximas actividades<\/a><\/p><\/blockquote>\n<h2><\/h2>\n<hr \/>\n<h2>\u00a0<b>Talleres<\/b><\/h2>\n<p><span style=\"font-weight: 400;\">Los <\/span><b>Talleres <\/b><span style=\"font-weight: 400;\">comprenden un \u00e1rea en pleno desarrollo dentro de la Fundaci\u00f3n Fhers. Desde Artes Pl\u00e1sticas, Fotograf\u00eda o Guitarra hasta Meditaci\u00f3n, Yoga y Alimentaci\u00f3n, los talleres que se dictan en nuestra instituci\u00f3n son tan variados como completos .El cronograma anual de Talleres est\u00e1 en constante actualizaci\u00f3n de agenda.<\/span><\/p>\n<ul>\n<li><span style=\"font-weight: 400;\">TALLER DE MOVIMIENTO F\u00cdSICO <\/span><\/li>\n<li><span style=\"font-weight: 400;\">TALLER DE ALIMENTACION EQUILIBRADA<\/span><\/li>\n<li><span style=\"font-weight: 400;\">TALLER DE ASTROLOGIA <\/span><\/li>\n<li><span style=\"font-weight: 400;\">TALLER DE MEDITACION<\/span><\/li>\n<\/ul>\n<p><img loading=\"lazy\" decoding=\"async\" class=\"aligncenter size-large wp-image-1594\" src=\"https:\/\/fhers.com\/wp-content\/uploads\/2017\/08\/14258188_1263622856984148_4000422073124776225_o-e1505671803709-1024x618.jpg\" alt=\"\" width=\"1024\" height=\"618\" srcset=\"https:\/\/fhers.com\/wp-content\/uploads\/2017\/08\/14258188_1263622856984148_4000422073124776225_o-e1505671803709-1024x618.jpg 1024w, https:\/\/fhers.com\/wp-content\/uploads\/2017\/08\/14258188_1263622856984148_4000422073124776225_o-e1505671803709-300x181.jpg 300w, https:\/\/fhers.com\/wp-content\/uploads\/2017\/08\/14258188_1263622856984148_4000422073124776225_o-e1505671803709-768x464.jpg 768w, https:\/\/fhers.com\/wp-content\/uploads\/2017\/08\/14258188_1263622856984148_4000422073124776225_o-e1505671803709-830x501.jpg 830w, https:\/\/fhers.com\/wp-content\/uploads\/2017\/08\/14258188_1263622856984148_4000422073124776225_o-e1505671803709-230x139.jpg 230w, https:\/\/fhers.com\/wp-content\/uploads\/2017\/08\/14258188_1263622856984148_4000422073124776225_o-e1505671803709-350x211.jpg 350w, https:\/\/fhers.com\/wp-content\/uploads\/2017\/08\/14258188_1263622856984148_4000422073124776225_o-e1505671803709-480x290.jpg 480w, https:\/\/fhers.com\/wp-content\/uploads\/2017\/08\/14258188_1263622856984148_4000422073124776225_o-e1505671803709.jpg 2017w\" sizes=\"(max-width: 1024px) 100vw, 1024px\" \/><\/p>\n<h2><\/h2>\n<hr \/>\n<h2>\u00a0\u00c1rea art\u00edstica<\/h2>\n<ul>\n<li>Taller de DIBUJO &amp; PINTURA<\/li>\n<li>Reino que vuelo<\/li>\n<li>Todas las edades y niveles.<\/li>\n<\/ul>\n<p>Galer\u00eda de Exposici\u00f3n y trastienda de Arte<\/p>\n<p><strong>Clases de GUITARRA<\/strong><\/p>\n<p>Todos los niveles, estilos &amp; edades<\/p>\n<p>Aprend\u00e9 m\u00fasica y elev\u00e1 la octava<\/p>\n<p>&nbsp;<\/p>\n","protected":false},"excerpt":{"rendered":"<p> [&hellip;]<\/p>\n","protected":false},"author":1,"featured_media":0,"parent":0,"menu_order":0,"comment_status":"closed","ping_status":"closed","template":"","meta":{"_exactmetrics_skip_tracking":false,"_exactmetrics_sitenote_active":false,"_exactmetrics_sitenote_note":"","_exactmetrics_sitenote_category":0,"footnotes":""},"yoast_head":"<!-- This site is optimized with the Yoast SEO plugin v22.6 - https:\/\/yoast.com\/wordpress\/plugins\/seo\/ -->\n<title>Actividades en Fundaci\u00f3n Fhers: Astrolog\u00eda k\u00e1rmica, meditaci\u00f3n y artes<\/title>\n<meta name=\"description\" content=\"Desde clases de Astrolog\u00eda hasta meditaciones y una escuela de m\u00fasica y artes pl\u00e1sticas. Averigu\u00e1 qu\u00e9 cosas podes aprender en la Fundaci\u00f3n Fhers.\" \/>\n<meta name=\"robots\" content=\"index, follow, max-snippet:-1, max-image-preview:large, max-video-preview:-1\" \/>\n<link rel=\"canonical\" href=\"https:\/\/fhers.com\/index.php\/actividades-fhers\/\" \/>\n<meta property=\"og:locale\" content=\"es_ES\" \/>\n<meta property=\"og:type\" content=\"article\" \/>\n<meta property=\"og:title\" content=\"Actividades en Fundaci\u00f3n Fhers: Astrolog\u00eda k\u00e1rmica, meditaci\u00f3n y artes\" \/>\n<meta property=\"og:description\" content=\"Desde clases de Astrolog\u00eda hasta meditaciones y una escuela de m\u00fasica y artes pl\u00e1sticas. Averigu\u00e1 qu\u00e9 cosas podes aprender en la Fundaci\u00f3n Fhers.\" \/>\n<meta property=\"og:url\" content=\"https:\/\/fhers.com\/index.php\/actividades-fhers\/\" \/>\n<meta property=\"og:site_name\" content=\"Fundaci\u00f3n Fhers\" \/>\n<meta property=\"article:publisher\" content=\"https:\/\/www.facebook.com\/lafundacionfhers\/\" \/>\n<meta property=\"article:modified_time\" content=\"2022-01-24T22:37:38+00:00\" \/>\n<meta property=\"og:image\" content=\"https:\/\/fhers.com\/wp-content\/uploads\/2022\/01\/cursofhers-06-300x66.png\" \/>\n<meta name=\"twitter:card\" content=\"summary_large_image\" \/>\n<meta name=\"twitter:site\" content=\"@fundacionfhers\" \/>\n<meta name=\"twitter:label1\" content=\"Tiempo de lectura\" \/>\n\t<meta name=\"twitter:data1\" content=\"6 minutos\" \/>\n<script type=\"application\/ld+json\" class=\"yoast-schema-graph\">{\"@context\":\"https:\/\/schema.org\",\"@graph\":[{\"@type\":\"WebPage\",\"@id\":\"https:\/\/fhers.com\/index.php\/actividades-fhers\/\",\"url\":\"https:\/\/fhers.com\/index.php\/actividades-fhers\/\",\"name\":\"Actividades en Fundaci\u00f3n Fhers: Astrolog\u00eda k\u00e1rmica, meditaci\u00f3n y artes\",\"isPartOf\":{\"@id\":\"https:\/\/fhers.com\/#website\"},\"primaryImageOfPage\":{\"@id\":\"https:\/\/fhers.com\/index.php\/actividades-fhers\/#primaryimage\"},\"image\":{\"@id\":\"https:\/\/fhers.com\/index.php\/actividades-fhers\/#primaryimage\"},\"thumbnailUrl\":\"https:\/\/fhers.com\/wp-content\/uploads\/2022\/01\/cursofhers-06-300x66.png\",\"datePublished\":\"2017-08-31T17:43:04+00:00\",\"dateModified\":\"2022-01-24T22:37:38+00:00\",\"description\":\"Desde clases de Astrolog\u00eda hasta meditaciones y una escuela de m\u00fasica y artes pl\u00e1sticas. Averigu\u00e1 qu\u00e9 cosas podes aprender en la Fundaci\u00f3n Fhers.\",\"breadcrumb\":{\"@id\":\"https:\/\/fhers.com\/index.php\/actividades-fhers\/#breadcrumb\"},\"inLanguage\":\"es\",\"potentialAction\":[{\"@type\":\"ReadAction\",\"target\":[\"https:\/\/fhers.com\/index.php\/actividades-fhers\/\"]}]},{\"@type\":\"ImageObject\",\"inLanguage\":\"es\",\"@id\":\"https:\/\/fhers.com\/index.php\/actividades-fhers\/#primaryimage\",\"url\":\"https:\/\/fhers.com\/wp-content\/uploads\/2022\/01\/cursofhers-06.png\",\"contentUrl\":\"https:\/\/fhers.com\/wp-content\/uploads\/2022\/01\/cursofhers-06.png\",\"width\":4923,\"height\":1088},{\"@type\":\"BreadcrumbList\",\"@id\":\"https:\/\/fhers.com\/index.php\/actividades-fhers\/#breadcrumb\",\"itemListElement\":[{\"@type\":\"ListItem\",\"position\":1,\"name\":\"Home\",\"item\":\"https:\/\/fhers.com\/\"},{\"@type\":\"ListItem\",\"position\":2,\"name\":\"Actividades\"}]},{\"@type\":\"WebSite\",\"@id\":\"https:\/\/fhers.com\/#website\",\"url\":\"https:\/\/fhers.com\/\",\"name\":\"Fundaci\u00f3n Fhers\",\"description\":\"Astrolog\u00eda, Karma, Meditaci\u00f3n y Alimentaci\u00f3n\",\"publisher\":{\"@id\":\"https:\/\/fhers.com\/#organization\"},\"potentialAction\":[{\"@type\":\"SearchAction\",\"target\":{\"@type\":\"EntryPoint\",\"urlTemplate\":\"https:\/\/fhers.com\/?s={search_term_string}\"},\"query-input\":\"required name=search_term_string\"}],\"inLanguage\":\"es\"},{\"@type\":\"Organization\",\"@id\":\"https:\/\/fhers.com\/#organization\",\"name\":\"Fhers\",\"url\":\"https:\/\/fhers.com\/\",\"logo\":{\"@type\":\"ImageObject\",\"inLanguage\":\"es\",\"@id\":\"https:\/\/fhers.com\/#\/schema\/logo\/image\/\",\"url\":\"https:\/\/fhers.com\/wp-content\/uploads\/2019\/11\/logo_2018.png\",\"contentUrl\":\"https:\/\/fhers.com\/wp-content\/uploads\/2019\/11\/logo_2018.png\",\"width\":221,\"height\":105,\"caption\":\"Fhers\"},\"image\":{\"@id\":\"https:\/\/fhers.com\/#\/schema\/logo\/image\/\"},\"sameAs\":[\"https:\/\/www.facebook.com\/lafundacionfhers\/\",\"https:\/\/x.com\/fundacionfhers\",\"https:\/\/www.instagram.com\/fundacionfhers\/\",\"https:\/\/www.youtube.com\/channel\/UCCR-X6VZSyXhD079kbBGYKg\"]}]}<\/script>\n<!-- \/ Yoast SEO plugin. -->","yoast_head_json":{"title":"Actividades en Fundaci\u00f3n Fhers: Astrolog\u00eda k\u00e1rmica, meditaci\u00f3n y artes","description":"Desde clases de Astrolog\u00eda hasta meditaciones y una escuela de m\u00fasica y artes pl\u00e1sticas. Averigu\u00e1 qu\u00e9 cosas podes aprender en la Fundaci\u00f3n Fhers.","robots":{"index":"index","follow":"follow","max-snippet":"max-snippet:-1","max-image-preview":"max-image-preview:large","max-video-preview":"max-video-preview:-1"},"canonical":"https:\/\/fhers.com\/index.php\/actividades-fhers\/","og_locale":"es_ES","og_type":"article","og_title":"Actividades en Fundaci\u00f3n Fhers: Astrolog\u00eda k\u00e1rmica, meditaci\u00f3n y artes","og_description":"Desde clases de Astrolog\u00eda hasta meditaciones y una escuela de m\u00fasica y artes pl\u00e1sticas. Averigu\u00e1 qu\u00e9 cosas podes aprender en la Fundaci\u00f3n Fhers.","og_url":"https:\/\/fhers.com\/index.php\/actividades-fhers\/","og_site_name":"Fundaci\u00f3n Fhers","article_publisher":"https:\/\/www.facebook.com\/lafundacionfhers\/","article_modified_time":"2022-01-24T22:37:38+00:00","og_image":[{"url":"https:\/\/fhers.com\/wp-content\/uploads\/2022\/01\/cursofhers-06-300x66.png"}],"twitter_card":"summary_large_image","twitter_site":"@fundacionfhers","twitter_misc":{"Tiempo de lectura":"6 minutos"},"schema":{"@context":"https:\/\/schema.org","@graph":[{"@type":"WebPage","@id":"https:\/\/fhers.com\/index.php\/actividades-fhers\/","url":"https:\/\/fhers.com\/index.php\/actividades-fhers\/","name":"Actividades en Fundaci\u00f3n Fhers: Astrolog\u00eda k\u00e1rmica, meditaci\u00f3n y artes","isPartOf":{"@id":"https:\/\/fhers.com\/#website"},"primaryImageOfPage":{"@id":"https:\/\/fhers.com\/index.php\/actividades-fhers\/#primaryimage"},"image":{"@id":"https:\/\/fhers.com\/index.php\/actividades-fhers\/#primaryimage"},"thumbnailUrl":"https:\/\/fhers.com\/wp-content\/uploads\/2022\/01\/cursofhers-06-300x66.png","datePublished":"2017-08-31T17:43:04+00:00","dateModified":"2022-01-24T22:37:38+00:00","description":"Desde clases de Astrolog\u00eda hasta meditaciones y una escuela de m\u00fasica y artes pl\u00e1sticas. Averigu\u00e1 qu\u00e9 cosas podes aprender en la Fundaci\u00f3n Fhers.","breadcrumb":{"@id":"https:\/\/fhers.com\/index.php\/actividades-fhers\/#breadcrumb"},"inLanguage":"es","potentialAction":[{"@type":"ReadAction","target":["https:\/\/fhers.com\/index.php\/actividades-fhers\/"]}]},{"@type":"ImageObject","inLanguage":"es","@id":"https:\/\/fhers.com\/index.php\/actividades-fhers\/#primaryimage","url":"https:\/\/fhers.com\/wp-content\/uploads\/2022\/01\/cursofhers-06.png","contentUrl":"https:\/\/fhers.com\/wp-content\/uploads\/2022\/01\/cursofhers-06.png","width":4923,"height":1088},{"@type":"BreadcrumbList","@id":"https:\/\/fhers.com\/index.php\/actividades-fhers\/#breadcrumb","itemListElement":[{"@type":"ListItem","position":1,"name":"Home","item":"https:\/\/fhers.com\/"},{"@type":"ListItem","position":2,"name":"Actividades"}]},{"@type":"WebSite","@id":"https:\/\/fhers.com\/#website","url":"https:\/\/fhers.com\/","name":"Fundaci\u00f3n Fhers","description":"Astrolog\u00eda, Karma, Meditaci\u00f3n y Alimentaci\u00f3n","publisher":{"@id":"https:\/\/fhers.com\/#organization"},"potentialAction":[{"@type":"SearchAction","target":{"@type":"EntryPoint","urlTemplate":"https:\/\/fhers.com\/?s={search_term_string}"},"query-input":"required name=search_term_string"}],"inLanguage":"es"},{"@type":"Organization","@id":"https:\/\/fhers.com\/#organization","name":"Fhers","url":"https:\/\/fhers.com\/","logo":{"@type":"ImageObject","inLanguage":"es","@id":"https:\/\/fhers.com\/#\/schema\/logo\/image\/","url":"https:\/\/fhers.com\/wp-content\/uploads\/2019\/11\/logo_2018.png","contentUrl":"https:\/\/fhers.com\/wp-content\/uploads\/2019\/11\/logo_2018.png","width":221,"height":105,"caption":"Fhers"},"image":{"@id":"https:\/\/fhers.com\/#\/schema\/logo\/image\/"},"sameAs":["https:\/\/www.facebook.com\/lafundacionfhers\/","https:\/\/x.com\/fundacionfhers","https:\/\/www.instagram.com\/fundacionfhers\/","https:\/\/www.youtube.com\/channel\/UCCR-X6VZSyXhD079kbBGYKg"]}]}},"_links":{"self":[{"href":"https:\/\/fhers.com\/index.php\/wp-json\/wp\/v2\/pages\/594"}],"collection":[{"href":"https:\/\/fhers.com\/index.php\/wp-json\/wp\/v2\/pages"}],"about":[{"href":"https:\/\/fhers.com\/index.php\/wp-json\/wp\/v2\/types\/page"}],"author":[{"embeddable":true,"href":"https:\/\/fhers.com\/index.php\/wp-json\/wp\/v2\/users\/1"}],"replies":[{"embeddable":true,"href":"https:\/\/fhers.com\/index.php\/wp-json\/wp\/v2\/comments?post=594"}],"version-history":[{"count":29,"href":"https:\/\/fhers.com\/index.php\/wp-json\/wp\/v2\/pages\/594\/revisions"}],"predecessor-version":[{"id":7850,"href":"https:\/\/fhers.com\/index.php\/wp-json\/wp\/v2\/pages\/594\/revisions\/7850"}],"wp:attachment":[{"href":"https:\/\/fhers.com\/index.php\/wp-json\/wp\/v2\/media?parent=594"}],"curies":[{"name":"wp","href":"https:\/\/api.w.org\/{rel}","templated":true}]}}